{"id":748,"date":"2016-03-10T18:52:12","date_gmt":"2016-03-10T18:52:12","guid":{"rendered":"https:\/\/demo05.houzez.co\/?page_id=748"},"modified":"2025-12-19T17:25:51","modified_gmt":"2025-12-19T14:25:51","slug":"datenschutzhinweise","status":"publish","type":"page","link":"https:\/\/karlin-expert.de\/offenbach-am-main\/datenschutzhinweise","title":{"rendered":"Datenschutzhinweise"},"content":{"rendered":"<p>Diese Cookie-Richtlinie wurde zuletzt am 11.07.2023 aktualisiert und gilt f\u00fcr B\u00fcrger und Einwohner mit st\u00e4ndigem Wohnsitz im Europ\u00e4ischen Wirtschaftsraum und der Schweiz.<\/p>\n<h2>1. Einf\u00fchrung<\/h2>\n<p>Unsere Website,\u00a0<a href=\"https:\/\/www.karlin-expert.de\/\">https:\/\/www.karlin-expert.de<\/a>\u00a0(im folgenden: &#8220;Die Website&#8221;) verwendet Cookies und \u00e4hnliche Technologien (der Einfachheit halber werden all diese unter &#8220;Cookies&#8221; zusammengefasst). Cookies werden au\u00dferdem von uns beauftragten Drittparteien platziert. In dem unten stehendem Dokument informieren wir dich \u00fcber die Verwendung von Cookies auf unserer Website.<\/p>\n<h2>2. Was sind Cookies?<\/h2>\n<p>Ein Cookie ist eine einfache kleine Datei, die gemeinsam mit den Seiten einer Internetadresse versendet und vom Webbrowser auf dem PC oder einem anderen Ger\u00e4t gespeichert werden kann. Die darin gespeicherten Informationen k\u00f6nnen w\u00e4hrend folgender Besuche zu unseren oder den Servern relevanter Drittanbieter gesendet werden.<\/p>\n<h2>3. Was sind Skripte?<\/h2>\n<p>Ein Script ist ein St\u00fcck Programmcode, das benutzt wird, um unserer Website Funktionalit\u00e4t und Interaktivit\u00e4t zu erm\u00f6glichen. Dieser Code wird auf unseren Servern oder auf deinem Ger\u00e4t ausgef\u00fchrt.<\/p>\n<h2>4. Was ist ein Web Beacon?<\/h2>\n<p>Ein Web-Beacon (auch Pixel-Tag genannt), ist ein kleines unsichtbares Textfragment oder Bild auf einer Website, das benutzt wird, um den Verkehr auf der Website zu \u00fcberwachen. Um dies zu erm\u00f6glichen werden diverse Daten von dir mittels Web-Beacons gespeichert.<\/p>\n<h2>5. Cookies<\/h2>\n<h3>5.1 Technische oder funktionelle Cookies<\/h3>\n<p>Einige Cookies stellen sicher, dass Teile unserer Website richtig funktionieren und deine Nutzervorlieben bekannt bleiben. Durch das Platzieren funktionaler Cookies machen wir es dir einfacher unsere Website zu besuchen. Auf diese Weise musst du bei Besuchen unserer Website nicht wiederholt die gleichen Informationen eingeben, oder deine Gegenst\u00e4nde bleiben beispielsweise in deinem Warenkorb bis du bezahlst. Wir k\u00f6nnen diese Cookies ohne dein Einverst\u00e4ndnis platzieren.<\/p>\n<h3>5.2 Analytische Cookies<\/h3>\n<p>Wir verwenden analytische Cookies, um das Website-Erlebnis f\u00fcr unsere Nutzer zu optimieren. Mit diesen analytischen Cookies erhalten wir Einblicke in die Nutzung unserer Website. Wir bitten um deine Erlaubnis, analytische Cookies zu setzen.<\/p>\n<h3>5.3 Werbecookies<\/h3>\n<p>Auf dieser Website verwenden wir Werbe-Cookies, um Einblicke in die Kampagnenergebnisse zu erhalten. Dies geschieht basierend auf einem Profil, das wir basierend auf deinem Verhalten in\u00a0<a href=\"https:\/\/www.karlin-expert.de\/\">https:\/\/www.karlin-expert.de<\/a>\u00a0erstellen. Mit diesen Cookies bist du als Website-Besucher mit einer eindeutigen ID verkn\u00fcpft. Diese Cookies erstellen jedoch kein Profil f\u00fcr dein Verhalten und deine Interessen, um personalisierte Anzeigen zu schalten.<\/p>\n<h3>5.4 Marketing- \/ Tracking-Cookies<\/h3>\n<p>Marketing- \/ Tracking-Cookies sind Cookies oder eine andere Form der lokalen Speicherung, die zur Erstellung von Benutzerprofilen verwendet werden, um Werbung anzuzeigen oder den Benutzer auf dieser Website oder \u00fcber mehrere Websites hinweg f\u00fcr \u00e4hnliche Marketingzwecke zu verfolgen.<\/p>\n<p>Da diese Cookies als Verfolgungs-Cookie markiert sind, ben\u00f6tigen wir deine Zustimmung, um diese zu platzieren.<\/p>\n<h3>5.5 Soziale-Medien<\/h3>\n<p>Auf unserer Website haben wir Inhalte von Facebook und WhatsApp eingebunden, um Webseiten zu bewerben (z. B. &#8220;Gef\u00e4llt mir&#8221;, &#8220;Pin&#8221;) oder zu teilen (z. B. &#8220;Tweet&#8221;) in sozialen Netzwerken wie Facebook und WhatsApp. Dieser Inhalt ist mit einem Code eingebettet, der von Facebook und WhatsApp stammt und Cookies platziert. Diese Inhalte k\u00f6nnen bestimmte Informationen f\u00fcr personalisierte Werbung speichern und verarbeiten.<\/p>\n<p>Bitte lies die Datenschutzerkl\u00e4rung dieser sozialen Netzwerke (die sich regelm\u00e4\u00dfig \u00e4ndern kann), um zu erfahren, wie sie mit deinen (pers\u00f6nlichen) Daten umgehen, die sie mithilfe dieser Cookies verarbeiten. Die abgerufenen Daten werden so weit wie m\u00f6glich anonymisiert. Facebook und WhatsApp hat seine Sitze in den Vereinigten Staaten.<\/p>\n<h2>6. Platzierte Cookies<\/h2>\n<h3>Google Analytics<\/h3>\n<h3>Statistik<\/h3>\n<p><strong>Consent to service google-analytics<\/strong><\/p>\n<h3>Nutzung<\/h3>\n<p>Wir verwenden Google Analytics f\u00fcr Website-Statistik.\u00a0<a href=\"https:\/\/cookiedatabase.org\/cookie\/google-analytics\/_ga_\/\">Mehr lesen<\/a><\/p>\n<h3>Weitergabe von Daten<\/h3>\n<p>F\u00fcr weitere Informationen, bitte die\u00a0<a href=\"https:\/\/cookiedatabase.org\/cookie\/google-analytics\/_ga\/\">Google Analytics Datenschutzerkl\u00e4rung<\/a>\u00a0lesen.<\/p>\n<h3>Statistik<\/h3>\n<ul>\n<li><strong>Name:<\/strong>\u00a0_ga_*<\/li>\n<li><strong>Ablaufdatum:<\/strong>\u00a0365 days<\/li>\n<li><strong>Funktion:<\/strong>\u00a0Provide admin functions<\/li>\n<\/ul>\n<ul>\n<li><strong>Name:<\/strong>\u00a0_ga<\/li>\n<li><strong>Ablaufdatum:<\/strong>\u00a0365 days<\/li>\n<li><strong>Funktion:<\/strong>\u00a0Provide admin functions<\/li>\n<\/ul>\n<h3>Google Maps<\/h3>\n<h3>Marketing\/Tracking<\/h3>\n<p><strong>Consent to service google-maps<\/strong><\/p>\n<h3>Nutzung<\/h3>\n<p>Wir verwenden Google Maps f\u00fcr Kartenanzeige.\u00a0<a href=\"https:\/\/cookiedatabase.org\/cookie\/google-maps\/google-maps-api\/\">Mehr lesen<\/a><\/p>\n<h3>Weitergabe von Daten<\/h3>\n<p>F\u00fcr weitere Informationen, bitte die\u00a0<a href=\"https:\/\/karlin-expert.com\/#\">Google Maps Datenschutzerkl\u00e4rung<\/a>\u00a0lesen.<\/p>\n<h3>Marketing\/Tracking<\/h3>\n<ul>\n<li><strong>Name:<\/strong>\u00a0Google Maps API<\/li>\n<li><strong>Ablaufdatum:<\/strong>\u00a0365 days<\/li>\n<li><strong>Funktion:<\/strong>\u00a0Provide admin functions<\/li>\n<\/ul>\n<h3>YouTube<\/h3>\n<h3>Marketing\/Tracking, Funktional<\/h3>\n<p><strong>Consent to service youtube<\/strong><\/p>\n<h3>Nutzung<\/h3>\n<p>Wir verwenden YouTube f\u00fcr Video-Display.\u00a0<a href=\"https:\/\/cookiedatabase.org\/service\/youtube\/\">Mehr lesen<\/a><\/p>\n<h3>Weitergabe von Daten<\/h3>\n<p>F\u00fcr weitere Informationen, bitte die\u00a0<a href=\"https:\/\/policies.google.com\/privacy\">YouTube Datenschutzerkl\u00e4rung<\/a>\u00a0lesen.<\/p>\n<h3>Marketing\/Tracking<\/h3>\n<ul>\n<li><strong>Name:<\/strong>\u00a0GPS<\/li>\n<li><strong>Ablaufdatum:<\/strong>\u00a0365 days<\/li>\n<li><strong>Funktion:<\/strong>\u00a0Provide admin functions<\/li>\n<\/ul>\n<ul>\n<li><strong>Name:<\/strong>\u00a0YSC<\/li>\n<li><strong>Ablaufdatum:<\/strong>\u00a0365 days<\/li>\n<li><strong>Funktion:<\/strong>\u00a0Provide admin functions<\/li>\n<\/ul>\n<ul>\n<li><strong>Name:<\/strong>\u00a0PREF<\/li>\n<li><strong>Ablaufdatum:<\/strong>\u00a0365 days<\/li>\n<li><strong>Funktion:<\/strong>\u00a0Provide admin functions<\/li>\n<\/ul>\n<h3>Funktional<\/h3>\n<ul>\n<li><strong>Name:<\/strong>\u00a0VISITOR_INFO1_LIVE<\/li>\n<li><strong>Ablaufdatum:<\/strong>\u00a0365 days<\/li>\n<li><strong>Funktion:<\/strong>\u00a0Provide admin functions<\/li>\n<\/ul>\n<h2>7. Zustimmung<\/h2>\n<p>Wenn du unsere Website das erste Mal besuchst, zeigen wir dir ein Pop-Up mit einer Erkl\u00e4rung \u00fcber Cookies. Sobald du auf &#8220;Akzeptieren&#8221; klickst, gibst du uns dein Einverst\u00e4ndnis, alle in diesem Pop-Up und in der Cookie-Richtlinie beschriebenen Cookies und Plugins zu verwenden. Du kannst die Verwendung von Cookies \u00fcber deinen Browser deaktivieren, aber bitte beachte, dass unsere Website dann unter Umst\u00e4nden nicht richtig funktioniert.<\/p>\n<h3>7.1 Verwalte deine Zustimmungseinstellungen<\/h3>\n<h3>Funktionell<\/h3>\n<p><strong>Immer aktiv<\/strong><\/p>\n<p>Die technische Speicherung oder der Zugang ist unbedingt erforderlich f\u00fcr den rechtm\u00e4\u00dfigen Zweck, die Nutzung eines bestimmten, vom Teilnehmer oder Nutzer ausdr\u00fccklich gew\u00fcnschten Dienstes zu erm\u00f6glichen, oder f\u00fcr den alleinigen Zweck, die \u00dcbertragung einer Nachricht \u00fcber ein elektronisches Kommunikationsnetz durchzuf\u00fchren.<\/p>\n<h3>Statistik<\/h3>\n<p>Die technische Speicherung oder der Zugriff, der ausschlie\u00dflich zu statistischen Zwecken erfolgt.<\/p>\n<h3>Marketing<\/h3>\n<p>Die technische Speicherung oder der Zugriff ist erforderlich, um Nutzerprofile zu erstellen, um Werbung zu versenden oder um den Nutzer auf einer Website oder \u00fcber mehrere Websites hinweg zu \u00e4hnlichen Marketingzwecken zu verfolgen.<\/p>\n<h2>8. Aktivierung\/Deaktivierung und L\u00f6schen von Cookies<\/h2>\n<p>Du kannst deinen Internetbrowser verwenden, um automatisch oder manuell Cookies zu l\u00f6schen. Du kannst au\u00dferdem spezifizieren, ob spezielle Cookies nicht platziert werden sollen. Eine andere M\u00f6glichkeit ist es, deinen Internetbrowser derart einzurichten, dass du jedes Mal benachrichtigt wirst, wenn ein Cookie platziert wird. F\u00fcr weitere Informationen \u00fcber diese M\u00f6glichkeiten beachte die Anweisungen in der Hilfesektion deines Browsers.<\/p>\n<p>Bitte nimm zur Kenntnis, dass unsere Website m\u00f6glicherweise nicht richtig funktioniert, wenn alle Cookies deaktiviert sind. Wenn du die Cookies in deinem Browser l\u00f6schst, werden diese neu platziert, wenn du unsere Website erneut besuchst.<\/p>\n<h2>9. Deine Rechte in Bezug auf pers\u00f6nliche Daten<\/h2>\n<p>Du hast in Bezug auf deine pers\u00f6nlichen Daten die folgenden Rechte:<\/p>\n<ul>\n<li><strong>Recht auf Information:<\/strong>\u00a0Du hast das Recht zu wissen, warum deine pers\u00f6nlichen Daten gebraucht werden, was mit ihnen passiert und wie lange diese verwahrt werden.<\/li>\n<li><strong>Zugriffsrecht:<\/strong>\u00a0Du hast das Recht, deine uns bekannten pers\u00f6nlichen Daten einzusehen.<\/li>\n<li><strong>Recht auf Berichtigung:<\/strong>\u00a0Du hast das Recht, wann immer du w\u00fcnschst, deine pers\u00f6nlichen Daten zu erg\u00e4nzen, zu korrigieren sowie l\u00f6schen oder blockieren zu lassen.<\/li>\n<li><strong>Recht auf Widerruf:<\/strong>\u00a0Wenn du uns dein Einverst\u00e4ndnis zur Verarbeitung deiner Daten gegeben hast, hast du das Recht, dieses Einverst\u00e4ndnis zu widerrufen und deine pers\u00f6nlichen Daten l\u00f6schen zu lassen.<\/li>\n<li><strong>Recht auf Datentransfer:<\/strong>\u00a0Du hast das Recht, alle deine pers\u00f6nlichen Daten von einem Kontrolleur anzufordern und in ihrer Gesamtheit zu einem anderen Kontrolleur zu transferieren.<\/li>\n<li><strong>Widerspruchsrecht:<\/strong>\u00a0Du kannst der Verarbeitung deiner Daten widersprechen. Wir entsprechen dem, es sei denn, es gibt berechtigte Gr\u00fcnde f\u00fcr die Verarbeitung.<\/li>\n<\/ul>\n<p>Um diese Rechte auszu\u00fcben, kontaktiere uns bitte. Bitte beziehe dich auf die Kontaktdaten am Ende dieser Cookie-Erkl\u00e4rung. Wenn du eine Beschwerde dar\u00fcber hast, wie wir deine Daten behandeln, w\u00fcrden wir diese gerne h\u00f6ren, aber du hast auch das Recht, diese an die Aufsichtsbeh\u00f6rde (Datenschutzbeh\u00f6rde) zu richten.<\/p>\n<h2>10. Kontaktdaten<\/h2>\n<p>F\u00fcr Fragen und\/oder Kommentare \u00fcber unsere Cookie-Richtlinien und diese Aussage kontaktiere uns bitte mittels der folgenden Kontaktdaten:<\/p>\n<p>Dmitry Karlin<br \/>\nStolze-Schrey-Str. 1<br \/>\n65195 Wiesbaden<br \/>\nDeutschland<br \/>\nWebsite:\u00a0<a href=\"https:\/\/www.karlin-expert.de\/\">https:\/\/www.karlin-expert.de<\/a><br \/>\nE-Mail:\u00a0<a href=\"mailto:karlin.expert@gmail.com\">karlin.expert@gmail.com<\/a><br \/>\nTelefonnummer:\u00a0<a href=\"tel:+4961198798015\">+49 611 987 980 15\u202c<\/a><\/p>\n<p>Diese Cookie-Richtlinie wurde mit cookiedatabase.org am 11.07.2023 synchronisiert.<\/p>\n","protected":false},"excerpt":{"rendered":"<p>Diese Cookie-Richtlinie wurde zuletzt am 11.07.2023 aktualisiert und gilt f\u00fcr B\u00fcrger und Einwohner mit st\u00e4ndigem Wohnsitz im Europ\u00e4ischen Wirtschaftsraum und der Schweiz. 1. Einf\u00fchrung Unsere Website,\u00a0https:\/\/www.karlin-expert.de\u00a0(im folgenden: &#8220;Die Website&#8221;) verwendet Cookies und \u00e4hnliche Technologien (der Einfachheit halber werden all diese unter &#8220;Cookies&#8221; zusammengefasst). Cookies werden au\u00dferdem von uns beauftragten Drittparteien platziert. In dem unten stehendem [&hellip;]<\/p>\n","protected":false},"author":1,"featured_media":0,"parent":0,"menu_order":0,"comment_status":"closed","ping_status":"closed","template":"template\/template-page.php","meta":{"_acf_changed":false,"footnotes":""},"class_list":["post-748","page","type-page","status-publish","hentry"],"acf":[],"yoast_head":"<!-- This site is optimized with the Yoast SEO plugin v26.6 - https:\/\/yoast.com\/wordpress\/plugins\/seo\/ -->\n<title>Datenschutzhinweise - Karlin-expert<\/title>\n<meta name=\"robots\" content=\"index, follow, max-snippet:-1, max-image-preview:large, max-video-preview:-1\" \/>\n<link rel=\"canonical\" href=\"https:\/\/karlin-expert.de\/offenbach-am-main\/wp-json\/wp\/v2\/pages\/748\" \/>\n<meta property=\"og:locale\" content=\"en_US\" \/>\n<meta property=\"og:type\" content=\"article\" \/>\n<meta property=\"og:title\" content=\"Datenschutzhinweise - Karlin-expert\" \/>\n<meta property=\"og:description\" content=\"Diese Cookie-Richtlinie wurde zuletzt am 11.07.2023 aktualisiert und gilt f\u00fcr B\u00fcrger und Einwohner mit st\u00e4ndigem Wohnsitz im Europ\u00e4ischen Wirtschaftsraum und der Schweiz. 1. Einf\u00fchrung Unsere Website,\u00a0https:\/\/www.karlin-expert.de\u00a0(im folgenden: &#8220;Die Website&#8221;) verwendet Cookies und \u00e4hnliche Technologien (der Einfachheit halber werden all diese unter &#8220;Cookies&#8221; zusammengefasst). Cookies werden au\u00dferdem von uns beauftragten Drittparteien platziert. In dem unten stehendem [&hellip;]\" \/>\n<meta property=\"og:url\" content=\"https:\/\/karlin-expert.de\/datenschutzhinweise\" \/>\n<meta property=\"og:site_name\" content=\"Karlin-expert\" \/>\n<meta property=\"article:publisher\" content=\"https:\/\/www.facebook.com\/karlin.expert\/\" \/>\n<meta property=\"article:modified_time\" content=\"2025-12-19T14:25:51+00:00\" \/>\n<meta property=\"og:image\" content=\"https:\/\/karlin-expert.de\/wp-content\/uploads\/2025\/11\/Logo2023-2.jpeg\" \/>\n\t<meta property=\"og:image:width\" content=\"1552\" \/>\n\t<meta property=\"og:image:height\" content=\"1546\" \/>\n\t<meta property=\"og:image:type\" content=\"image\/jpeg\" \/>\n<meta name=\"twitter:card\" content=\"summary_large_image\" \/>\n<meta name=\"twitter:label1\" content=\"Est. reading time\" \/>\n\t<meta name=\"twitter:data1\" content=\"7 minutes\" \/>\n<script type=\"application\/ld+json\" class=\"yoast-schema-graph\">{\"@context\":\"https:\/\/schema.org\",\"@graph\":[{\"@type\":\"WebPage\",\"@id\":\"https:\/\/karlin-expert.de\/datenschutzhinweise\",\"url\":\"https:\/\/karlin-expert.de\/datenschutzhinweise\",\"name\":\"Datenschutzhinweise - Karlin-expert\",\"isPartOf\":{\"@id\":\"https:\/\/karlin-expert.de\/#website\"},\"datePublished\":\"2016-03-10T18:52:12+00:00\",\"dateModified\":\"2025-12-19T14:25:51+00:00\",\"breadcrumb\":{\"@id\":\"https:\/\/karlin-expert.de\/datenschutzhinweise#breadcrumb\"},\"inLanguage\":\"en-US\",\"potentialAction\":[{\"@type\":\"ReadAction\",\"target\":[\"https:\/\/karlin-expert.de\/datenschutzhinweise\"]}]},{\"@type\":\"BreadcrumbList\",\"@id\":\"https:\/\/karlin-expert.de\/datenschutzhinweise#breadcrumb\",\"itemListElement\":[{\"@type\":\"ListItem\",\"position\":1,\"name\":\"\u0413\u043b\u0430\u0432\u043d\u0430\u044f \u0441\u0442\u0440\u0430\u043d\u0438\u0446\u0430\",\"item\":\"https:\/\/karlin-expert.de\/\"},{\"@type\":\"ListItem\",\"position\":2,\"name\":\"Datenschutzhinweise\"}]},{\"@type\":\"WebSite\",\"@id\":\"https:\/\/karlin-expert.de\/#website\",\"url\":\"https:\/\/karlin-expert.de\/\",\"name\":\"Karlin-Expert Immobilien\",\"description\":\"\",\"publisher\":{\"@id\":\"https:\/\/karlin-expert.de\/#organization\"},\"alternateName\":\"Karlin-Expert Immobilien\",\"potentialAction\":[{\"@type\":\"SearchAction\",\"target\":{\"@type\":\"EntryPoint\",\"urlTemplate\":\"https:\/\/karlin-expert.de\/?s={search_term_string}\"},\"query-input\":{\"@type\":\"PropertyValueSpecification\",\"valueRequired\":true,\"valueName\":\"search_term_string\"}}],\"inLanguage\":\"en-US\"},{\"@type\":\"Organization\",\"@id\":\"https:\/\/karlin-expert.de\/#organization\",\"name\":\"Karlin-expert\",\"url\":\"https:\/\/karlin-expert.de\/\",\"logo\":{\"@type\":\"ImageObject\",\"inLanguage\":\"en-US\",\"@id\":\"https:\/\/karlin-expert.de\/#\/schema\/logo\/image\/\",\"url\":\"http:\/\/karlin-expert.de\/wp-content\/uploads\/2025\/11\/Logo2023-2.jpeg\",\"contentUrl\":\"http:\/\/karlin-expert.de\/wp-content\/uploads\/2025\/11\/Logo2023-2.jpeg\",\"width\":1552,\"height\":1546,\"caption\":\"Karlin-expert\"},\"image\":{\"@id\":\"https:\/\/karlin-expert.de\/#\/schema\/logo\/image\/\"},\"sameAs\":[\"https:\/\/www.facebook.com\/karlin.expert\/\",\"https:\/\/www.instagram.com\/karlin_expert_immobilien\/\"]}]}<\/script>\n<!-- \/ Yoast SEO plugin. -->","yoast_head_json":{"title":"Datenschutzhinweise - Karlin-expert","robots":{"index":"index","follow":"follow","max-snippet":"max-snippet:-1","max-image-preview":"max-image-preview:large","max-video-preview":"max-video-preview:-1"},"canonical":"https:\/\/karlin-expert.de\/offenbach-am-main\/wp-json\/wp\/v2\/pages\/748","og_locale":"en_US","og_type":"article","og_title":"Datenschutzhinweise - Karlin-expert","og_description":"Diese Cookie-Richtlinie wurde zuletzt am 11.07.2023 aktualisiert und gilt f\u00fcr B\u00fcrger und Einwohner mit st\u00e4ndigem Wohnsitz im Europ\u00e4ischen Wirtschaftsraum und der Schweiz. 1. Einf\u00fchrung Unsere Website,\u00a0https:\/\/www.karlin-expert.de\u00a0(im folgenden: &#8220;Die Website&#8221;) verwendet Cookies und \u00e4hnliche Technologien (der Einfachheit halber werden all diese unter &#8220;Cookies&#8221; zusammengefasst). Cookies werden au\u00dferdem von uns beauftragten Drittparteien platziert. In dem unten stehendem [&hellip;]","og_url":"https:\/\/karlin-expert.de\/datenschutzhinweise","og_site_name":"Karlin-expert","article_publisher":"https:\/\/www.facebook.com\/karlin.expert\/","article_modified_time":"2025-12-19T14:25:51+00:00","og_image":[{"width":1552,"height":1546,"url":"https:\/\/karlin-expert.de\/wp-content\/uploads\/2025\/11\/Logo2023-2.jpeg","type":"image\/jpeg"}],"twitter_card":"summary_large_image","twitter_misc":{"Est. reading time":"7 minutes"},"schema":{"@context":"https:\/\/schema.org","@graph":[{"@type":"WebPage","@id":"https:\/\/karlin-expert.de\/datenschutzhinweise","url":"https:\/\/karlin-expert.de\/datenschutzhinweise","name":"Datenschutzhinweise - Karlin-expert","isPartOf":{"@id":"https:\/\/karlin-expert.de\/#website"},"datePublished":"2016-03-10T18:52:12+00:00","dateModified":"2025-12-19T14:25:51+00:00","breadcrumb":{"@id":"https:\/\/karlin-expert.de\/datenschutzhinweise#breadcrumb"},"inLanguage":"en-US","potentialAction":[{"@type":"ReadAction","target":["https:\/\/karlin-expert.de\/datenschutzhinweise"]}]},{"@type":"BreadcrumbList","@id":"https:\/\/karlin-expert.de\/datenschutzhinweise#breadcrumb","itemListElement":[{"@type":"ListItem","position":1,"name":"\u0413\u043b\u0430\u0432\u043d\u0430\u044f \u0441\u0442\u0440\u0430\u043d\u0438\u0446\u0430","item":"https:\/\/karlin-expert.de\/"},{"@type":"ListItem","position":2,"name":"Datenschutzhinweise"}]},{"@type":"WebSite","@id":"https:\/\/karlin-expert.de\/#website","url":"https:\/\/karlin-expert.de\/","name":"Karlin-Expert Immobilien","description":"","publisher":{"@id":"https:\/\/karlin-expert.de\/#organization"},"alternateName":"Karlin-Expert Immobilien","potentialAction":[{"@type":"SearchAction","target":{"@type":"EntryPoint","urlTemplate":"https:\/\/karlin-expert.de\/?s={search_term_string}"},"query-input":{"@type":"PropertyValueSpecification","valueRequired":true,"valueName":"search_term_string"}}],"inLanguage":"en-US"},{"@type":"Organization","@id":"https:\/\/karlin-expert.de\/#organization","name":"Karlin-expert","url":"https:\/\/karlin-expert.de\/","logo":{"@type":"ImageObject","inLanguage":"en-US","@id":"https:\/\/karlin-expert.de\/#\/schema\/logo\/image\/","url":"http:\/\/karlin-expert.de\/wp-content\/uploads\/2025\/11\/Logo2023-2.jpeg","contentUrl":"http:\/\/karlin-expert.de\/wp-content\/uploads\/2025\/11\/Logo2023-2.jpeg","width":1552,"height":1546,"caption":"Karlin-expert"},"image":{"@id":"https:\/\/karlin-expert.de\/#\/schema\/logo\/image\/"},"sameAs":["https:\/\/www.facebook.com\/karlin.expert\/","https:\/\/www.instagram.com\/karlin_expert_immobilien\/"]}]}},"_links":{"self":[{"href":"https:\/\/karlin-expert.de\/offenbach-am-main\/wp-json\/wp\/v2\/pages\/748","targetHints":{"allow":["GET"]}}],"collection":[{"href":"https:\/\/karlin-expert.de\/offenbach-am-main\/wp-json\/wp\/v2\/pages"}],"about":[{"href":"https:\/\/karlin-expert.de\/offenbach-am-main\/wp-json\/wp\/v2\/types\/page"}],"author":[{"embeddable":true,"href":"https:\/\/karlin-expert.de\/offenbach-am-main\/wp-json\/wp\/v2\/users\/1"}],"replies":[{"embeddable":true,"href":"https:\/\/karlin-expert.de\/offenbach-am-main\/wp-json\/wp\/v2\/comments?post=748"}],"version-history":[{"count":2,"href":"https:\/\/karlin-expert.de\/offenbach-am-main\/wp-json\/wp\/v2\/pages\/748\/revisions"}],"predecessor-version":[{"id":5142,"href":"https:\/\/karlin-expert.de\/offenbach-am-main\/wp-json\/wp\/v2\/pages\/748\/revisions\/5142"}],"wp:attachment":[{"href":"https:\/\/karlin-expert.de\/offenbach-am-main\/wp-json\/wp\/v2\/media?parent=748"}],"curies":[{"name":"wp","href":"https:\/\/api.w.org\/{rel}","templated":true}]}}